{"id":107,"date":"2024-05-03T07:25:28","date_gmt":"2024-05-03T05:25:28","guid":{"rendered":"https:\/\/amk-slovakia.sk\/?page_id=107"},"modified":"2024-05-03T07:34:12","modified_gmt":"2024-05-03T05:34:12","slug":"kontakt","status":"publish","type":"page","link":"https:\/\/amk-slovakia.sk\/?page_id=107","title":{"rendered":"Kontakt"},"content":{"rendered":"\n<p>Zast\u00fapenie pre SR a \u010cR<br>ELASTECH s.r.o., \u010d.d.71, Horn\u00e9 Vestenice 97222, SR<br><strong>tel: +421 944 676 662   e-mail: info@amk-slovakia.sk <\/strong><br>I\u010cO: 53986903 I\u010c DPH: SK2121542093<\/p>\n\n\n\n<p><strong>e-shop produktov<\/strong> <a href=\"http:\/\/www.tehloveobklady-amk.sk\">www.tehloveobklady-amk.sk<\/a><\/p>\n\n\n\n<figure class=\"wp-block-image size-full\"><img fetchpriority=\"high\" decoding=\"async\" width=\"800\" height=\"800\" src=\"https:\/\/amk-slovakia.sk\/wp-content\/uploads\/2024\/05\/AMK_jpg.jpg\" alt=\"\" class=\"wp-image-112\" srcset=\"https:\/\/amk-slovakia.sk\/wp-content\/uploads\/2024\/05\/AMK_jpg.jpg 800w, https:\/\/amk-slovakia.sk\/wp-content\/uploads\/2024\/05\/AMK_jpg-300x300.jpg 300w, https:\/\/amk-slovakia.sk\/wp-content\/uploads\/2024\/05\/AMK_jpg-150x150.jpg 150w, https:\/\/amk-slovakia.sk\/wp-content\/uploads\/2024\/05\/AMK_jpg-768x768.jpg 768w\" sizes=\"(max-width: 800px) 100vw, 800px\" \/><\/figure>\n","protected":false},"excerpt":{"rendered":"<p>Zast\u00fapenie pre SR a \u010cRELASTECH s.r.o., \u010d.d.71, Horn\u00e9 Vestenice 97222, SRtel: +421 944 676 662 e-mail: info@amk-slovakia.sk I\u010cO: 53986903 I\u010c DPH: SK2121542093 e-shop produktov www.tehloveobklady-amk.sk<\/p>\n","protected":false},"author":1,"featured_media":0,"parent":0,"menu_order":0,"comment_status":"closed","ping_status":"closed","template":"","meta":{"footnotes":""},"class_list":["post-107","page","type-page","status-publish","hentry"],"yoast_head":"<!-- This site is optimized with the Yoast SEO plugin v21.5 - https:\/\/yoast.com\/wordpress\/plugins\/seo\/ -->\n<title>Kontakt - AMK Slovakia<\/title>\n<meta name=\"description\" content=\"tehlov\u00e9 roho\u017ee AMK - jednoduch\u00fd tehlov\u00fd obklad, \u013eahk\u00fd svojou v\u00e1hou a mont\u00e1\u017eou. pr\u00edrodn\u00fd materi\u00e1l a\u017e 95% dr\u0165 mramoru, fas\u00e1da domu s okam\u017eite\" \/>\n<meta name=\"robots\" content=\"index, follow, max-snippet:-1, max-image-preview:large, max-video-preview:-1\" \/>\n<link rel=\"canonical\" href=\"https:\/\/amk-slovakia.sk\/?page_id=107\" \/>\n<meta property=\"og:locale\" content=\"sk_SK\" \/>\n<meta property=\"og:type\" content=\"article\" \/>\n<meta property=\"og:title\" content=\"Kontakt - AMK Slovakia\" \/>\n<meta property=\"og:description\" content=\"tehlov\u00e9 roho\u017ee AMK - jednoduch\u00fd tehlov\u00fd obklad, \u013eahk\u00fd svojou v\u00e1hou a mont\u00e1\u017eou. pr\u00edrodn\u00fd materi\u00e1l a\u017e 95% dr\u0165 mramoru, fas\u00e1da domu s okam\u017eite\" \/>\n<meta property=\"og:url\" content=\"https:\/\/amk-slovakia.sk\/?page_id=107\" \/>\n<meta property=\"og:site_name\" content=\"AMK Slovakia\" \/>\n<meta property=\"article:modified_time\" content=\"2024-05-03T05:34:12+00:00\" \/>\n<meta property=\"og:image\" content=\"https:\/\/amk-slovakia.sk\/wp-content\/uploads\/2024\/05\/AMK_jpg.jpg\" \/>\n<meta name=\"twitter:card\" content=\"summary_large_image\" \/>\n<meta name=\"twitter:label1\" content=\"Predpokladan\u00fd \u010das \u010d\u00edtania\" \/>\n\t<meta name=\"twitter:data1\" content=\"1 min\u00fata\" \/>\n<script type=\"application\/ld+json\" class=\"yoast-schema-graph\">{\"@context\":\"https:\/\/schema.org\",\"@graph\":[{\"@type\":\"WebPage\",\"@id\":\"https:\/\/amk-slovakia.sk\/?page_id=107\",\"url\":\"https:\/\/amk-slovakia.sk\/?page_id=107\",\"name\":\"Kontakt - AMK Slovakia\",\"isPartOf\":{\"@id\":\"https:\/\/amk-slovakia.sk\/#website\"},\"datePublished\":\"2024-05-03T05:25:28+00:00\",\"dateModified\":\"2024-05-03T05:34:12+00:00\",\"description\":\"tehlov\u00e9 roho\u017ee AMK - jednoduch\u00fd tehlov\u00fd obklad, \u013eahk\u00fd svojou v\u00e1hou a mont\u00e1\u017eou. pr\u00edrodn\u00fd materi\u00e1l a\u017e 95% dr\u0165 mramoru, fas\u00e1da domu s okam\u017eite\",\"breadcrumb\":{\"@id\":\"https:\/\/amk-slovakia.sk\/?page_id=107#breadcrumb\"},\"inLanguage\":\"sk-SK\",\"potentialAction\":[{\"@type\":\"ReadAction\",\"target\":[\"https:\/\/amk-slovakia.sk\/?page_id=107\"]}]},{\"@type\":\"BreadcrumbList\",\"@id\":\"https:\/\/amk-slovakia.sk\/?page_id=107#breadcrumb\",\"itemListElement\":[{\"@type\":\"ListItem\",\"position\":1,\"name\":\"Domovsk\u00e1 str\u00e1nka\",\"item\":\"https:\/\/amk-slovakia.sk\/\"},{\"@type\":\"ListItem\",\"position\":2,\"name\":\"Kontakt\"}]},{\"@type\":\"WebSite\",\"@id\":\"https:\/\/amk-slovakia.sk\/#website\",\"url\":\"https:\/\/amk-slovakia.sk\/\",\"name\":\"AMK Slovakia\",\"description\":\"tehlov\u00e9 obklady pre ka\u017ed\u00e9ho\",\"publisher\":{\"@id\":\"https:\/\/amk-slovakia.sk\/#organization\"},\"potentialAction\":[{\"@type\":\"SearchAction\",\"target\":{\"@type\":\"EntryPoint\",\"urlTemplate\":\"https:\/\/amk-slovakia.sk\/?s={search_term_string}\"},\"query-input\":\"required name=search_term_string\"}],\"inLanguage\":\"sk-SK\"},{\"@type\":\"Organization\",\"@id\":\"https:\/\/amk-slovakia.sk\/#organization\",\"name\":\"AMK Slovakia\",\"url\":\"https:\/\/amk-slovakia.sk\/\",\"logo\":{\"@type\":\"ImageObject\",\"inLanguage\":\"sk-SK\",\"@id\":\"https:\/\/amk-slovakia.sk\/#\/schema\/logo\/image\/\",\"url\":\"https:\/\/amk-slovakia.sk\/wp-content\/uploads\/2023\/11\/logo-scaled.jpg\",\"contentUrl\":\"https:\/\/amk-slovakia.sk\/wp-content\/uploads\/2023\/11\/logo-scaled.jpg\",\"width\":2560,\"height\":632,\"caption\":\"AMK Slovakia\"},\"image\":{\"@id\":\"https:\/\/amk-slovakia.sk\/#\/schema\/logo\/image\/\"}}]}<\/script>\n<!-- \/ Yoast SEO plugin. -->","yoast_head_json":{"title":"Kontakt - AMK Slovakia","description":"tehlov\u00e9 roho\u017ee AMK - jednoduch\u00fd tehlov\u00fd obklad, \u013eahk\u00fd svojou v\u00e1hou a mont\u00e1\u017eou. pr\u00edrodn\u00fd materi\u00e1l a\u017e 95% dr\u0165 mramoru, fas\u00e1da domu s okam\u017eite","robots":{"index":"index","follow":"follow","max-snippet":"max-snippet:-1","max-image-preview":"max-image-preview:large","max-video-preview":"max-video-preview:-1"},"canonical":"https:\/\/amk-slovakia.sk\/?page_id=107","og_locale":"sk_SK","og_type":"article","og_title":"Kontakt - AMK Slovakia","og_description":"tehlov\u00e9 roho\u017ee AMK - jednoduch\u00fd tehlov\u00fd obklad, \u013eahk\u00fd svojou v\u00e1hou a mont\u00e1\u017eou. pr\u00edrodn\u00fd materi\u00e1l a\u017e 95% dr\u0165 mramoru, fas\u00e1da domu s okam\u017eite","og_url":"https:\/\/amk-slovakia.sk\/?page_id=107","og_site_name":"AMK Slovakia","article_modified_time":"2024-05-03T05:34:12+00:00","og_image":[{"url":"https:\/\/amk-slovakia.sk\/wp-content\/uploads\/2024\/05\/AMK_jpg.jpg"}],"twitter_card":"summary_large_image","twitter_misc":{"Predpokladan\u00fd \u010das \u010d\u00edtania":"1 min\u00fata"},"schema":{"@context":"https:\/\/schema.org","@graph":[{"@type":"WebPage","@id":"https:\/\/amk-slovakia.sk\/?page_id=107","url":"https:\/\/amk-slovakia.sk\/?page_id=107","name":"Kontakt - AMK Slovakia","isPartOf":{"@id":"https:\/\/amk-slovakia.sk\/#website"},"datePublished":"2024-05-03T05:25:28+00:00","dateModified":"2024-05-03T05:34:12+00:00","description":"tehlov\u00e9 roho\u017ee AMK - jednoduch\u00fd tehlov\u00fd obklad, \u013eahk\u00fd svojou v\u00e1hou a mont\u00e1\u017eou. pr\u00edrodn\u00fd materi\u00e1l a\u017e 95% dr\u0165 mramoru, fas\u00e1da domu s okam\u017eite","breadcrumb":{"@id":"https:\/\/amk-slovakia.sk\/?page_id=107#breadcrumb"},"inLanguage":"sk-SK","potentialAction":[{"@type":"ReadAction","target":["https:\/\/amk-slovakia.sk\/?page_id=107"]}]},{"@type":"BreadcrumbList","@id":"https:\/\/amk-slovakia.sk\/?page_id=107#breadcrumb","itemListElement":[{"@type":"ListItem","position":1,"name":"Domovsk\u00e1 str\u00e1nka","item":"https:\/\/amk-slovakia.sk\/"},{"@type":"ListItem","position":2,"name":"Kontakt"}]},{"@type":"WebSite","@id":"https:\/\/amk-slovakia.sk\/#website","url":"https:\/\/amk-slovakia.sk\/","name":"AMK Slovakia","description":"tehlov\u00e9 obklady pre ka\u017ed\u00e9ho","publisher":{"@id":"https:\/\/amk-slovakia.sk\/#organization"},"potentialAction":[{"@type":"SearchAction","target":{"@type":"EntryPoint","urlTemplate":"https:\/\/amk-slovakia.sk\/?s={search_term_string}"},"query-input":"required name=search_term_string"}],"inLanguage":"sk-SK"},{"@type":"Organization","@id":"https:\/\/amk-slovakia.sk\/#organization","name":"AMK Slovakia","url":"https:\/\/amk-slovakia.sk\/","logo":{"@type":"ImageObject","inLanguage":"sk-SK","@id":"https:\/\/amk-slovakia.sk\/#\/schema\/logo\/image\/","url":"https:\/\/amk-slovakia.sk\/wp-content\/uploads\/2023\/11\/logo-scaled.jpg","contentUrl":"https:\/\/amk-slovakia.sk\/wp-content\/uploads\/2023\/11\/logo-scaled.jpg","width":2560,"height":632,"caption":"AMK Slovakia"},"image":{"@id":"https:\/\/amk-slovakia.sk\/#\/schema\/logo\/image\/"}}]}},"_links":{"self":[{"href":"https:\/\/amk-slovakia.sk\/index.php?rest_route=\/wp\/v2\/pages\/107","targetHints":{"allow":["GET"]}}],"collection":[{"href":"https:\/\/amk-slovakia.sk\/index.php?rest_route=\/wp\/v2\/pages"}],"about":[{"href":"https:\/\/amk-slovakia.sk\/index.php?rest_route=\/wp\/v2\/types\/page"}],"author":[{"embeddable":true,"href":"https:\/\/amk-slovakia.sk\/index.php?rest_route=\/wp\/v2\/users\/1"}],"replies":[{"embeddable":true,"href":"https:\/\/amk-slovakia.sk\/index.php?rest_route=%2Fwp%2Fv2%2Fcomments&post=107"}],"version-history":[{"count":3,"href":"https:\/\/amk-slovakia.sk\/index.php?rest_route=\/wp\/v2\/pages\/107\/revisions"}],"predecessor-version":[{"id":114,"href":"https:\/\/amk-slovakia.sk\/index.php?rest_route=\/wp\/v2\/pages\/107\/revisions\/114"}],"wp:attachment":[{"href":"https:\/\/amk-slovakia.sk\/index.php?rest_route=%2Fwp%2Fv2%2Fmedia&parent=107"}],"curies":[{"name":"wp","href":"https:\/\/api.w.org\/{rel}","templated":true}]}}